{"id":81,"date":"2015-12-27T11:01:03","date_gmt":"2015-12-27T11:01:03","guid":{"rendered":"http:\/\/themes.hody.co\/comet\/?page_id=5"},"modified":"2022-05-24T18:02:02","modified_gmt":"2022-05-24T21:02:02","slug":"classic","status":"publish","type":"page","link":"https:\/\/primeplanner.com.br\/","title":{"rendered":"Prime Planner &#8211; Home"},"content":{"rendered":"<p>[vc_row full_width=&#8221;stretch_row_content_no_spaces&#8221; css=&#8221;.vc_custom_1560953554223{border-bottom-width: 0px !important;padding-top: 0px !important;padding-bottom: 0px !important;}&#8221; el_id=&#8221;slide-desktop&#8221;][vc_column][cm_home_slider][cm_home_slide image=&#8221;1663&#8243; headline=&#8221;Fam\u00edlia, Patrim\u00f4nio e Neg\u00f3cios&#8221; subtitle=&#8221;TRANSFORME SUAS FINAN\u00c7AS E PATRIM\u00d4NIO COM NOSSA METODOLOGIA&#8221; buttons=&#8221;%5B%7B%22color%22%3A%22color%22%2C%22icon_type%22%3A%22etline%22%2C%22icon_etline%22%3A%22icon-mobile%22%2C%22icon_themify%22%3A%22ti-wand%22%7D%5D&#8221; text_align=&#8221;left&#8221;][\/cm_home_slider][\/vc_column][\/vc_row][vc_row full_width=&#8221;stretch_row_content_no_spaces&#8221; css=&#8221;.vc_custom_1560953596213{border-bottom-width: 0px !important;padding-top: 0px !important;padding-bottom: 0px !important;}&#8221; el_id=&#8221;slide-mobile&#8221;][vc_column][cm_home_slider][cm_home_slide image=&#8221;1770&#8243; headline=&#8221;Fam\u00edlia, Patrim\u00f4nio e Neg\u00f3cios&#8221; subtitle=&#8221;TRANSFORME SUAS FINAN\u00c7AS E PATRIM\u00d4NIO COM NOSSA METODOLOGIA&#8221; buttons=&#8221;%5B%7B%22color%22%3A%22color%22%2C%22icon_type%22%3A%22etline%22%2C%22icon_etline%22%3A%22icon-mobile%22%2C%22icon_themify%22%3A%22ti-wand%22%7D%5D&#8221; text_align=&#8221;left&#8221;][\/cm_home_slider][\/vc_column][\/vc_row][vc_row el_id=&#8221;a-iris-capital&#8221;][vc_column][vc_row_inner el_class=&#8221;section-content&#8221;][vc_column_inner offset=&#8221;vc_col-md-offset-2 vc_col-md-8&#8243;][vc_column_text font_style=&#8221;serif&#8221;]<\/p>\n<div id=\"somos-a-iris\">\n<div class=\"title center\">\n<h2><span style=\"font-size: 28px;\">A Prime Planner<\/span><\/h2>\n<hr \/>\n<\/div>\n<p><span style=\"font-size: 20px;\">O que n\u00f3s <strong>N\u00c3O<\/strong> somos:<br \/>\n<\/span><br \/>\n<strong>N\u00c3O<\/strong> somos uma empresa de venda de investimentos e seguros. Tamb\u00e9m <strong>N\u00c3O<\/strong> somos uma empresa de cursos e palestras sobre finan\u00e7as.<\/p>\n<p>Porque s\u00f3 um curso n\u00e3o basta. Porque \u00e9 preciso <strong>ACOMPANHAMENTO<\/strong> para executar em sua vida qualquer t\u00e9cnica e solu\u00e7\u00e3o financeira.<\/p>\n<p>Somos uma empresa de finan\u00e7as, fundada por<em> Rodrigo Braga<\/em> \u2013 economista e planejador financeiro com mais de 24 anos de mercado, palestrante e consultor financeiro e empresarial.<\/p>\n<\/div>\n<p>[\/vc_column_text][\/vc_column_inner][\/vc_row_inner][\/vc_column][\/vc_row][vc_row][vc_column width=&#8221;1\/2&#8243; css=&#8221;.vc_custom_1560447622658{background-color: #ededed !important;}&#8221;][vc_column_text]<\/p>\n<div id=\"box-plan-financeiro\">\n<p class=\"p_destaque\"><strong>A mais completa empresa de planejamento financeiro e patrimonial do Brasil<\/strong><\/p>\n<p>Temos um time de consultores especialistas que desenvolve intelig\u00eancia interna de planejamento financeiro e patrimonial para dar efici\u00eancia e seguran\u00e7a para voc\u00ea e sua fam\u00edlia &#8211; <strong>SEMPRE<\/strong> acompanhados pelos nossos planejadores financeiros &#8211; desenvolverem um <strong>PROCESSO DE CRESCIMENTO FINANCEIRO ESTRUTURADO<\/strong> para saber exatamente o que fazer, como fazer, qual resultado esperar, quem contratar e como gerenciar seu patrim\u00f4nio sem ficar ref\u00e9m de gerentes de banco ruins ou profissionais despreparados.<\/p>\n<\/div>\n<p>[\/vc_column_text][\/vc_column][vc_column width=&#8221;1\/2&#8243;][vc_column_text]<img loading=\"lazy\" class=\"alignnone wp-image-1668 size-full\" src=\"http:\/\/paraser.com.br\/novo-site\/wp-content\/uploads\/2019\/06\/banner1-plan-financeiro.jpg\" alt=\"\" width=\"962\" height=\"850\" srcset=\"https:\/\/primeplanner.com.br\/wp-content\/uploads\/2019\/06\/banner1-plan-financeiro.jpg 962w, https:\/\/primeplanner.com.br\/wp-content\/uploads\/2019\/06\/banner1-plan-financeiro-300x265.jpg 300w, https:\/\/primeplanner.com.br\/wp-content\/uploads\/2019\/06\/banner1-plan-financeiro-768x679.jpg 768w, https:\/\/primeplanner.com.br\/wp-content\/uploads\/2019\/06\/banner1-plan-financeiro-960x848.jpg 960w, https:\/\/primeplanner.com.br\/wp-content\/uploads\/2019\/06\/banner1-plan-financeiro-550x486.jpg 550w, https:\/\/primeplanner.com.br\/wp-content\/uploads\/2019\/06\/banner1-plan-financeiro-600x530.jpg 600w\" sizes=\"(max-width: 962px) 100vw, 962px\" \/>[\/vc_column_text][\/vc_column][\/vc_row][vc_row parallax=&#8221;content-moving&#8221; parallax_image=&#8221;1671&#8243;][vc_column][vc_row_inner el_class=&#8221;section-content&#8221;][vc_column_inner offset=&#8221;vc_col-md-offset-2 vc_col-md-8&#8243;][vc_column_text]<\/p>\n<div id=\"box-certficacao-internacional\">\n<p>Nossa equipe possui a certifica\u00e7\u00e3o internacional CFP\u00ae, s\u00edmbolo mundial de excel\u00eancia em planejamento financeiro, proporcionando ainda mais seguran\u00e7a e assertividade, al\u00e9m dos melhores resultados para diferentes realidades e perfis.<\/p>\n<p><strong>&gt;&gt; Certifica\u00e7\u00e3o profissional internacional CFP\u00ae<\/strong> <em>(Certified Financial Planner ou, traduzido, Planejador Financeiro Certificado)<\/em><\/p>\n<p><strong>&gt;&gt; Metodologia exclusiva com t\u00e9cnica comprovada para contruir patrim\u00f4nio sem ficar horas tentando entender de finan\u00e7as<\/strong><\/p>\n<p><strong>&gt;&gt; Equipe com experi\u00eancia e maturidade para trazer a seguran\u00e7a que voc\u00ea e sua fam\u00edlia precisam<\/strong><\/p>\n<\/div>\n<p>[\/vc_column_text][\/vc_column_inner][\/vc_row_inner][\/vc_column][\/vc_row][vc_row el_id=&#8221;metodologia&#8221;][vc_column][vc_column_text]<\/p>\n<div id=\"nossa-metodologia\">\n<div class=\"title center\">\n<h2>Nossa Metodologia<\/h2>\n<hr \/>\n<p>Em nossa metodologia trabalhamos por fases da vida financeira. Desta forma, conseguimos te ajudar tanto se voc\u00ea estiver na fase inicial, acumulando recursos ou precisando de ajuda para come\u00e7ar, ou se j\u00e1 possui patrim\u00f4nio e precisa profissionalizar a gest\u00e3o e proteger seus ativos.<\/p>\n<p>Normalmente nossos clientes s\u00e3o:<\/p>\n<p>&#8211; Profissionais liberais e aut\u00f4nomos: m\u00e9dicos, dentistas, advogados, profissionais de sa\u00fade e beleza entre outros;<\/p>\n<p>&#8211; Pequenos e m\u00e9dios empres\u00e1rios;<\/p>\n<p>&#8211; Executivos\/profissionais CLT (s\u00eanior\/gest\u00e3o\/diretoria);<\/p>\n<p>&#8211; Pessoas que vivem de renda (aposentados, investidores, herdeiros).<\/p>\n<p>Os servi\u00e7os da Prime Planner foram feitos na medida certa para cada profiss\u00e3o e est\u00e1gio da vida financeira, trazendo retorno muito acima dos valores investidos na contrata\u00e7\u00e3o.<\/p>\n<\/div>\n<\/div>\n<p>[\/vc_column_text][vc_column_text css=&#8221;.vc_custom_1651080535856{margin-bottom: 35px !important;}&#8221;]<\/p>\n<div class=\"title center\">\n<h3>Fase Financeira<\/h3>\n<p>Descubra como ter renda passiva e viver com mais tranquilidade sem ter que esperar at\u00e9 se aposentar.<\/p>\n<\/div>\n<p>[\/vc_column_text][\/vc_column][\/vc_row][vc_row][vc_column width=&#8221;1\/2&#8243;][vc_column_text css=&#8221;.vc_custom_1651080347842{padding-right: 20px !important;padding-bottom: 20px !important;padding-left: 20px !important;}&#8221;]<img loading=\"lazy\" class=\"alignnone wp-image-1932 size-full\" src=\"https:\/\/primeplanner.com.br\/wp-content\/uploads\/2022\/04\/prime_03.png\" alt=\"Acumula\u00e7\u00e3o\" width=\"928\" height=\"269\" srcset=\"https:\/\/primeplanner.com.br\/wp-content\/uploads\/2022\/04\/prime_03.png 928w, https:\/\/primeplanner.com.br\/wp-content\/uploads\/2022\/04\/prime_03-300x87.png 300w, https:\/\/primeplanner.com.br\/wp-content\/uploads\/2022\/04\/prime_03-768x223.png 768w, https:\/\/primeplanner.com.br\/wp-content\/uploads\/2022\/04\/prime_03-550x159.png 550w, https:\/\/primeplanner.com.br\/wp-content\/uploads\/2022\/04\/prime_03-600x174.png 600w\" sizes=\"(max-width: 928px) 100vw, 928px\" \/>[\/vc_column_text][\/vc_column][vc_column width=&#8221;1\/2&#8243;][vc_column_text css=&#8221;.vc_custom_1651769437285{padding-right: 20px !important;padding-bottom: 20px !important;padding-left: 20px !important;}&#8221;]<img loading=\"lazy\" class=\"alignnone wp-image-1968 size-full\" src=\"https:\/\/primeplanner.com.br\/wp-content\/uploads\/2022\/05\/consolidacao_06.png\" alt=\"\" width=\"928\" height=\"269\" srcset=\"https:\/\/primeplanner.com.br\/wp-content\/uploads\/2022\/05\/consolidacao_06.png 928w, https:\/\/primeplanner.com.br\/wp-content\/uploads\/2022\/05\/consolidacao_06-300x87.png 300w, https:\/\/primeplanner.com.br\/wp-content\/uploads\/2022\/05\/consolidacao_06-768x223.png 768w, https:\/\/primeplanner.com.br\/wp-content\/uploads\/2022\/05\/consolidacao_06-550x159.png 550w, https:\/\/primeplanner.com.br\/wp-content\/uploads\/2022\/05\/consolidacao_06-600x174.png 600w\" sizes=\"(max-width: 928px) 100vw, 928px\" \/>[\/vc_column_text][\/vc_column][\/vc_row][vc_row][vc_column width=&#8221;1\/2&#8243;][vc_column_text css=&#8221;.vc_custom_1651072035504{padding-right: 20px !important;padding-bottom: 20px !important;padding-left: 20px !important;}&#8221;]<img loading=\"lazy\" class=\"alignnone wp-image-1934 size-full\" src=\"https:\/\/primeplanner.com.br\/wp-content\/uploads\/2022\/04\/prime_10.png\" alt=\"Consumo\" width=\"928\" height=\"269\" srcset=\"https:\/\/primeplanner.com.br\/wp-content\/uploads\/2022\/04\/prime_10.png 928w, https:\/\/primeplanner.com.br\/wp-content\/uploads\/2022\/04\/prime_10-300x87.png 300w, https:\/\/primeplanner.com.br\/wp-content\/uploads\/2022\/04\/prime_10-768x223.png 768w, https:\/\/primeplanner.com.br\/wp-content\/uploads\/2022\/04\/prime_10-550x159.png 550w, https:\/\/primeplanner.com.br\/wp-content\/uploads\/2022\/04\/prime_10-600x174.png 600w\" sizes=\"(max-width: 928px) 100vw, 928px\" \/>[\/vc_column_text][\/vc_column][vc_column width=&#8221;1\/2&#8243;][vc_column_text css=&#8221;.vc_custom_1651072090076{padding-right: 20px !important;padding-bottom: 20px !important;padding-left: 20px !important;}&#8221;]<img loading=\"lazy\" class=\"alignnone wp-image-1935 size-full\" src=\"https:\/\/primeplanner.com.br\/wp-content\/uploads\/2022\/04\/prime_11.png\" alt=\"Distribui\u00e7\u00e3o\" width=\"928\" height=\"269\" srcset=\"https:\/\/primeplanner.com.br\/wp-content\/uploads\/2022\/04\/prime_11.png 928w, https:\/\/primeplanner.com.br\/wp-content\/uploads\/2022\/04\/prime_11-300x87.png 300w, https:\/\/primeplanner.com.br\/wp-content\/uploads\/2022\/04\/prime_11-768x223.png 768w, https:\/\/primeplanner.com.br\/wp-content\/uploads\/2022\/04\/prime_11-550x159.png 550w, https:\/\/primeplanner.com.br\/wp-content\/uploads\/2022\/04\/prime_11-600x174.png 600w\" sizes=\"(max-width: 928px) 100vw, 928px\" \/>[\/vc_column_text][\/vc_column][\/vc_row][vc_row][vc_column][vc_column_text]<\/p>\n<div id=\"box-informacoes-tecnicas\"><b>Nesse momento, compreender informa\u00e7\u00f5es t\u00e9cnicas e pessoais \u00e9 fundamental para que possamos oferecer o formato de trabalho que melhor se encaixa na sua realidade.<\/b><\/div>\n<p>[\/vc_column_text][\/vc_column][\/vc_row][vc_row css=&#8221;.vc_custom_1560559517506{background-color: #ededed !important;}&#8221;][vc_column][vc_column_text]<\/p>\n<div id=\"box-passo-2\">\n<h3>Alinhamento de Objetivos<\/h3>\n<p>Voc\u00ea est\u00e1 iniciando ou j\u00e1 possui patrim\u00f4nio? Como voc\u00ea utiliza o mercado financeiro e os ativos reais (im\u00f3veis e empresas) na constru\u00e7\u00e3o de suas finan\u00e7as?<\/p>\n<p>Descubra como construir patrim\u00f4nio sem misturar os ativos e sem sentir que deu &#8220;uma passo maior do que a perna&#8221;.<\/p>\n<\/div>\n<p>[\/vc_column_text][\/vc_column][\/vc_row][vc_row][vc_column width=&#8221;1\/2&#8243;][vc_column_text]<\/p>\n<div id=\"box-passo-3\">\n<h3>N\u00edvel de Complexidade<\/h3>\n<p>N\u00e3o importa o n\u00edvel da complexidade de suas finan\u00e7as e patrim\u00f4nio: alta, m\u00e9dia ou baixa. Nossa metodologia permite te inserir num processo eficiente e seguro.<\/p>\n<p>Voc\u00ea est\u00e1 pronto para fazer seu patrim\u00f4nio crescer sem depender de profissionais ruins?<\/p>\n<\/div>\n<p>[\/vc_column_text][\/vc_column][vc_column width=&#8221;1\/2&#8243;][vc_column_text]<\/p>\n<div id=\"box-passo-4\">\n<h3>Organiza\u00e7\u00e3o e Clareza<\/h3>\n<p>Ter um mapa simples e organizado ajuda a ter mais clareza na condu\u00e7\u00e3o de suas finan\u00e7as.<\/p>\n<p>Imagine poder tomar decis\u00f5es sem medo!<\/p>\n<\/div>\n<p>[\/vc_column_text][\/vc_column][\/vc_row][vc_row el_id=&#8221;o-que-fazemos&#8221;][vc_column][vc_column_text]<\/p>\n<div id=\"box-oq-fazemos\">\n<div class=\"title center\">\n<h2>O Que Fazemos<\/h2>\n<hr \/>\n<\/div>\n<p>Nossos servi\u00e7os s\u00e3o desenvolvidos com base em experi\u00eancia pr\u00e1tica de anos atendendo pessoas e fam\u00edlias:<\/p>\n<\/div>\n<p>[\/vc_column_text][\/vc_column][\/vc_row][vc_row][vc_column][vc_row_inner el_class=&#8221;section-content&#8221; el_id=&#8221;box-gestao-fin&#8221;][vc_column_inner width=&#8221;1\/4&#8243;][vc_column_text]<img loading=\"lazy\" class=\"alignnone wp-image-1954 size-medium\" src=\"https:\/\/primeplanner.com.br\/wp-content\/uploads\/2022\/04\/icone-02-300x300.jpg\" alt=\"\" width=\"300\" height=\"300\" srcset=\"https:\/\/primeplanner.com.br\/wp-content\/uploads\/2022\/04\/icone-02-300x300.jpg 300w, https:\/\/primeplanner.com.br\/wp-content\/uploads\/2022\/04\/icone-02-150x150.jpg 150w, https:\/\/primeplanner.com.br\/wp-content\/uploads\/2022\/04\/icone-02-550x552.jpg 550w, https:\/\/primeplanner.com.br\/wp-content\/uploads\/2022\/04\/icone-02-100x100.jpg 100w, https:\/\/primeplanner.com.br\/wp-content\/uploads\/2022\/04\/icone-02.jpg 585w\" sizes=\"(max-width: 300px) 100vw, 300px\" \/>[\/vc_column_text][\/vc_column_inner][vc_column_inner width=&#8221;3\/4&#8243;][vc_column_text]<\/p>\n<div id=\"box-gestao-fin-descricao\">\n<p class=\"p_destaque\">Planejamento Financeiro e Patrimonial<\/p>\n<p>Tenha um processo estruturado de crescimento patrimonial feito sob medida, independente de sua fase ou complexidade financeira<\/p>\n<\/div>\n<p>[\/vc_column_text][\/vc_column_inner][\/vc_row_inner][\/vc_column][\/vc_row][vc_row][vc_column][vc_row_inner el_class=&#8221;section-content&#8221; el_id=&#8221;box-gestao-fin&#8221;][vc_column_inner width=&#8221;1\/4&#8243;][vc_column_text]<img loading=\"lazy\" class=\"alignnone wp-image-1690 size-full\" src=\"https:\/\/primeplanner.com.br\/wp-content\/uploads\/2019\/06\/ico-plan-sucessorio.jpg\" alt=\"Planejamento Sucess\u00f3rio\" width=\"260\" height=\"270\" \/>[\/vc_column_text][\/vc_column_inner][vc_column_inner width=&#8221;3\/4&#8243;][vc_column_text]<\/p>\n<div id=\"box-indep-fin-descricao\">\n<p class=\"p_destaque\">Investimentos Financeiros e Ativos Reais<\/p>\n<p>Escolha o meio no qual voc\u00ea alcan\u00e7ar\u00e1 a independ\u00eancia financeira. Seja por mercado financeiro, im\u00f3veis ou sendo s\u00f3cio de uma empresa, te ajudamos na inser\u00e7\u00e3o destes ativos dentro do seu contexto.<\/p>\n<\/div>\n<p>[\/vc_column_text][\/vc_column_inner][\/vc_row_inner][\/vc_column][\/vc_row][vc_row][vc_column][vc_row_inner el_class=&#8221;section-content&#8221; el_id=&#8221;box-gestao-fin&#8221;][vc_column_inner width=&#8221;1\/4&#8243;][vc_column_text]<img loading=\"lazy\" class=\"alignnone wp-image-1686 size-full\" src=\"http:\/\/primeplanner.com.br\/wp-content\/uploads\/2019\/06\/ico-gestao-de-riscos.jpg\" alt=\"Gest\u00e3o de Riscos\" width=\"260\" height=\"270\" \/>[\/vc_column_text][\/vc_column_inner][vc_column_inner width=&#8221;3\/4&#8243;][vc_column_text]<\/p>\n<div id=\"box-gestao-de-riscos-descricao\">\n<p class=\"p_destaque\">Prote\u00e7\u00e3o contra Riscos Relevantes<\/p>\n<p>J\u00e1 imaginou como ficaria sua fam\u00edlia em caso de morte prematura ou acidentes? Ou caso sofra um processo no exerc\u00edcio de sua profiss\u00e3o? A an\u00e1lise dos riscos relevantes \u00e9 muito importante para eliminar ou mitigar o efeito dessas possibilidades<\/p>\n<\/div>\n<p>[\/vc_column_text][\/vc_column_inner][\/vc_row_inner][\/vc_column][\/vc_row][vc_row][vc_column][vc_row_inner el_class=&#8221;section-content&#8221; el_id=&#8221;box-gestao-fin&#8221;][vc_column_inner width=&#8221;1\/4&#8243;][vc_column_text]<img loading=\"lazy\" class=\"alignnone wp-image-1956 size-medium\" src=\"https:\/\/primeplanner.com.br\/wp-content\/uploads\/2022\/04\/icone-3-300x300.jpg\" alt=\"\" width=\"300\" height=\"300\" srcset=\"https:\/\/primeplanner.com.br\/wp-content\/uploads\/2022\/04\/icone-3-300x300.jpg 300w, https:\/\/primeplanner.com.br\/wp-content\/uploads\/2022\/04\/icone-3-150x150.jpg 150w, https:\/\/primeplanner.com.br\/wp-content\/uploads\/2022\/04\/icone-3-550x552.jpg 550w, https:\/\/primeplanner.com.br\/wp-content\/uploads\/2022\/04\/icone-3-100x100.jpg 100w, https:\/\/primeplanner.com.br\/wp-content\/uploads\/2022\/04\/icone-3.jpg 585w\" sizes=\"(max-width: 300px) 100vw, 300px\" \/>[\/vc_column_text][\/vc_column_inner][vc_column_inner width=&#8221;3\/4&#8243;][vc_column_text]<\/p>\n<div id=\"box-gestao-de-ativos\">\n<p class=\"p_destaque\">Reestrutura\u00e7\u00e3o de D\u00edvida PF e PJ<\/p>\n<p>Sabemos que muitas vezes eventos inesperados podem ter te levado a ficar mais endividado do que voc\u00ea gostaria. Com planejamento e organiza\u00e7\u00e3o, \u00e9 poss\u00edvel tanto eliminar as d\u00edvidas ruins como fazer uma d\u00edvida boa para o futuro (compra de um bem, por exemplo).<\/p>\n<\/div>\n<p>[\/vc_column_text][\/vc_column_inner][\/vc_row_inner][\/vc_column][\/vc_row][vc_row][vc_column][vc_row_inner el_class=&#8221;section-content&#8221; el_id=&#8221;box-gestao-fin&#8221;][vc_column_inner width=&#8221;1\/4&#8243;][vc_column_text]<img loading=\"lazy\" class=\"alignnone wp-image-1951 size-medium\" src=\"https:\/\/primeplanner.com.br\/wp-content\/uploads\/2022\/04\/icone-1-300x300.jpg\" alt=\"\" width=\"300\" height=\"300\" srcset=\"https:\/\/primeplanner.com.br\/wp-content\/uploads\/2022\/04\/icone-1-300x300.jpg 300w, https:\/\/primeplanner.com.br\/wp-content\/uploads\/2022\/04\/icone-1-150x150.jpg 150w, https:\/\/primeplanner.com.br\/wp-content\/uploads\/2022\/04\/icone-1-550x552.jpg 550w, https:\/\/primeplanner.com.br\/wp-content\/uploads\/2022\/04\/icone-1-100x100.jpg 100w, https:\/\/primeplanner.com.br\/wp-content\/uploads\/2022\/04\/icone-1.jpg 585w\" sizes=\"(max-width: 300px) 100vw, 300px\" \/>[\/vc_column_text][\/vc_column_inner][vc_column_inner width=&#8221;3\/4&#8243;][vc_column_text]<\/p>\n<div id=\"box-plan-tributario\">\n<p class=\"p_destaque\">Controle Financeiro PF e PJ<\/p>\n<p>Com a implementa\u00e7\u00e3o de sistemas e processos de simples executa\u00e7\u00e3o, \u00e9 poss\u00edvel voc\u00ea ter um bom controle financeiro tanto no seu neg\u00f3cio como na sua vida pessoal.<\/p>\n<\/div>\n<p>[\/vc_column_text][\/vc_column_inner][\/vc_row_inner][\/vc_column][\/vc_row][vc_row][vc_column][vc_row_inner el_class=&#8221;section-content&#8221; el_id=&#8221;box-gestao-fin&#8221;][vc_column_inner width=&#8221;1\/4&#8243;][vc_column_text]<img loading=\"lazy\" class=\"alignnone wp-image-1685 size-full\" src=\"https:\/\/primeplanner.com.br\/wp-content\/uploads\/2019\/06\/oqf-indep-financeira.jpg\" alt=\"Independ\u00eancia Financeira\" width=\"260\" height=\"270\" \/>[\/vc_column_text][\/vc_column_inner][vc_column_inner width=&#8221;3\/4&#8243;][vc_column_text]<\/p>\n<div id=\"box-plan-sucessorio\">\n<p class=\"p_destaque\">Estudos Avulsos<\/p>\n<p>Estudo de INSS, planejamento tribut\u00e1rio, planejamento sucess\u00f3rio, separa\u00e7\u00e3o de fluxo de caixa PJ vs PF entre outros. Colocamos nossa equipe para encontrar solu\u00e7\u00f5es espec\u00edficas para seu caso.<\/p>\n<\/div>\n<p>[\/vc_column_text][\/vc_column_inner][\/vc_row_inner][\/vc_column][\/vc_row][vc_row parallax=&#8221;content-moving&#8221; parallax_image=&#8221;1702&#8243; parallax_speed=&#8221;0.1&#8243; el_id=&#8221;depoimentos&#8221;][vc_column][cm_page_title title=&#8221;Depoimentos&#8221;][vc_row_inner el_class=&#8221;section-content&#8221;][vc_column_inner offset=&#8221;vc_col-md-offset-2 vc_col-md-8&#8243;][evc_testimonials carousel_navigation=&#8221;no&#8221; carousel_speed=&#8221;18000&#8243;][\/vc_column_inner][\/vc_row_inner][\/vc_column][\/vc_row][vc_row el_id=&#8221;contato&#8221;][vc_column][vc_empty_space][cm_page_title title=&#8221;Fale Conosco&#8221;][\/vc_column][\/vc_row][vc_row][vc_column width=&#8221;1\/2&#8243;][vc_column_text]<\/p>\n<div id=\"box1-fale-conosco\">\n<p>\u00c9 um prazer falar com voc\u00ea!<\/p>\n<p>Estamos dispon\u00edveis nos seguintes hor\u00e1rios:<\/p>\n<p>&#8211; <strong>Equipe operacional e administrativa:<\/strong> Das 10h \u00e0s 19h<br \/>\n&#8211; <strong>Equipe comercial e t\u00e9cnica:<\/strong> Das 8h \u00e0s 22h, mediante agendamento<\/p>\n<p>Nos chame no WhatsApp ou envie uma mensagem que entraremos em contato o mais breve poss\u00edvel.<\/p>\n<\/div>\n<p>[\/vc_column_text][\/vc_column][vc_column width=&#8221;1\/2&#8243;][vc_column_text]<\/p>\n<div id=\"box2-fale-conosco\">[contact-form-7 id=&#8221;6&#8243; title=&#8221;Fale Conosco&#8221;]<\/div>\n<p>[\/vc_column_text][\/vc_column][\/vc_row][vc_row][vc_column][vc_row_inner el_class=&#8221;section-content&#8221; el_id=&#8221;box-onde-estamos&#8221;][vc_column_inner][cm_page_title title=&#8221;Onde Estamos&#8221;][\/vc_column_inner][\/vc_row_inner][\/vc_column][\/vc_row][vc_row][vc_column][vc_column_text]<\/p>\n<div id=\"onde-estamos\">\n<p style=\"text-align: center;\"><strong>Sede Administrativa<\/strong><br \/>\nAlameda Terracota, 215, Cer\u00e2mica, S\u00e3o Caetano do Sul-SP, CEP: 09531-190<\/p>\n<\/div>\n<p>[\/vc_column_text][vc_empty_space][vc_raw_html]JTNDaWZyYW1lJTIwc3JjJTNEJTIyaHR0cHMlM0ElMkYlMkZ3d3cuZ29vZ2xlLmNvbSUyRm1hcHMlMkZlbWJlZCUzRnBiJTNEJTIxMW0xOCUyMTFtMTIlMjExbTMlMjExZDM2NTUuNDMyODkzMDI0NzQ3JTIxMmQtNDYuNTgyNjQ3MDg0NDc0NjElMjEzZC0yMy42MjQ2NjMyNjk4MTkyOTglMjEybTMlMjExZjAlMjEyZjAlMjEzZjAlMjEzbTIlMjExaTEwMjQlMjEyaTc2OCUyMTRmMTMuMSUyMTNtMyUyMTFtMiUyMTFzMHg5NGNlNWM5NjI3NjQ3MzMzJTI1M0EweGM2ODI5NTdlZjE2Y2FhZGMlMjEyc0FsYW1lZGElMjUyMFRlcnJhY290YSUyNTJDJTI1MjAyMTUlMjUyMC0lMjUyMENlciUyNUMzJTI1QTJtaWNhJTI1MkMlMjUyMFMlMjVDMyUyNUEzbyUyNTIwQ2FldGFubyUyNTIwZG8lMjUyMFN1bCUyNTIwLSUyNTIwU1AlMjUyQyUyNTIwMDk1MzEtMTkwJTIxNWUwJTIxM20yJTIxMXNwdC1CUiUyMTJzYnIlMjE0djE2NTEwODk1NTY1OTYlMjE1bTIlMjExc3B0LUJSJTIxMnNiciUyMiUyMHdpZHRoJTNEJTIyMTA4MCUyMiUyMGhlaWdodCUzRCUyMjQ1MCUyMiUyMHN0eWxlJTNEJTIyYm9yZGVyJTNBMCUzQiUyMiUyMGFsbG93ZnVsbHNjcmVlbiUzRCUyMiUyMiUyMGxvYWRpbmclM0QlMjJsYXp5JTIyJTIwcmVmZXJyZXJwb2xpY3klM0QlMjJuby1yZWZlcnJlci13aGVuLWRvd25ncmFkZSUyMiUzRSUzQyUyRmlmcmFtZSUzRQ==[\/vc_raw_html][vc_empty_space][vc_column_text]<\/p>\n<div id=\"onde-estamos\">\n<p style=\"text-align: center;\"><strong>Apoio Comercial<\/strong><br \/>\nRua Pedroso Alvarenga, 1.254, Itaim Bibi, S\u00e3o Paulo &#8211; SP, CEP: 04531-004<\/p>\n<\/div>\n<p>[\/vc_column_text][vc_empty_space][vc_raw_html]JTNDaWZyYW1lJTIwc3JjJTNEJTIyaHR0cHMlM0ElMkYlMkZ3d3cuZ29vZ2xlLmNvbSUyRm1hcHMlMkZlbWJlZCUzRnBiJTNEJTIxMW0xOCUyMTFtMTIlMjExbTMlMjExZDM2NTYuNjI5Mjk1NzE4NDMzNyUyMTJkLTQ2LjY4MDQxOTM4NDQ3NTM3JTIxM2QtMjMuNTgxNzUzODY4MjMyMDA2JTIxMm0zJTIxMWYwJTIxMmYwJTIxM2YwJTIxM20yJTIxMWkxMDI0JTIxMmk3NjglMjE0ZjEzLjElMjEzbTMlMjExbTIlMjExczB4OTRjZTU3Njc2NWNiNDUzMSUyNTNBMHg0NWVkYzAxNGNmYTM4YjA4JTIxMnNSLiUyNTIwUGVkcm9zbyUyNTIwQWx2YXJlbmdhJTI1MjAtJTI1MjBJdGFpbSUyNTIwQmliaSUyNTJDJTI1MjBTJTI1QzMlMjVBM28lMjUyMFBhdWxvJTI1MjAtJTI1MjBTUCUyMTVlMCUyMTNtMiUyMTFzcHQtQlIlMjEyc2JyJTIxNHYxNjUxNzY5ODQ0MzI1JTIxNW0yJTIxMXNwdC1CUiUyMTJzYnIlMjIlMjB3aWR0aCUzRCUyMjEwODAlMjIlMjBoZWlnaHQlM0QlMjI0NTAlMjIlMjBzdHlsZSUzRCUyMmJvcmRlciUzQTAlM0IlMjIlMjBhbGxvd2Z1bGxzY3JlZW4lM0QlMjIlMjIlMjBsb2FkaW5nJTNEJTIybGF6eSUyMiUyMHJlZmVycmVycG9saWN5JTNEJTIybm8tcmVmZXJyZXItd2hlbi1kb3duZ3JhZGUlMjIlM0UlM0MlMkZpZnJhbWUlM0U=[\/vc_raw_html][vc_empty_space][\/vc_column][\/vc_row]<\/p>\n","protected":false},"excerpt":{"rendered":"<p>[vc_row full_width=&#8221;stretch_row_content_no_spaces&#8221; css=&#8221;.vc_custom_1560953554223{border-bottom-width: 0px !important;padding-top: 0px !important;padding-bottom: 0px !important;}&#8221; el_id=&#8221;slide-desktop&#8221;][vc_column][cm_home_slider][cm_home_slide image=&#8221;1663&#8243; headline=&#8221;Fam\u00edlia, Patrim\u00f4nio e Neg\u00f3cios&#8221; subtitle=&#8221;TRANSFORME SUAS FINAN\u00c7AS E PATRIM\u00d4NIO COM NOSSA METODOLOGIA&#8221; buttons=&#8221;%5B%7B%22color%22%3A%22color%22%2C%22icon_type%22%3A%22etline%22%2C%22icon_etline%22%3A%22icon-mobile%22%2C%22icon_themify%22%3A%22ti-wand%22%7D%5D&#8221; text_align=&#8221;left&#8221;][\/cm_home_slider][\/vc_column][\/vc_row][vc_row full_width=&#8221;stretch_row_content_no_spaces&#8221; css=&#8221;.vc_custom_1560953596213{border-bottom-width: 0px !important;padding-top: 0px !important;padding-bottom: 0px !important;}&#8221; el_id=&#8221;slide-mobile&#8221;][vc_column][cm_home_slider][cm_home_slide image=&#8221;1770&#8243; headline=&#8221;Fam\u00edlia, Patrim\u00f4nio e Neg\u00f3cios&#8221; subtitle=&#8221;TRANSFORME SUAS FINAN\u00c7AS E PATRIM\u00d4NIO COM NOSSA METODOLOGIA&#8221; buttons=&#8221;%5B%7B%22color%22%3A%22color%22%2C%22icon_type%22%3A%22etline%22%2C%22icon_etline%22%3A%22icon-mobile%22%2C%22icon_themify%22%3A%22ti-wand%22%7D%5D&#8221; text_align=&#8221;left&#8221;][\/cm_home_slider][\/vc_column][\/vc_row][vc_row el_id=&#8221;a-iris-capital&#8221;][vc_column][vc_row_inner el_class=&#8221;section-content&#8221;][vc_column_inner offset=&#8221;vc_col-md-offset-2 vc_col-md-8&#8243;][vc_column_text font_style=&#8221;serif&#8221;] A[&#8230;] <\/p>\n<p class=\"mt-15\"><a class=\"btn btn-color btn-sm\" href=\"https:\/\/primeplanner.com.br\/\">Read More<\/a><\/p>\n","protected":false},"author":1,"featured_media":0,"parent":1525,"menu_order":0,"comment_status":"closed","ping_status":"closed","template":"","meta":[],"_links":{"self":[{"href":"https:\/\/primeplanner.com.br\/index.php\/wp-json\/wp\/v2\/pages\/81"}],"collection":[{"href":"https:\/\/primeplanner.com.br\/index.php\/wp-json\/wp\/v2\/pages"}],"about":[{"href":"https:\/\/primeplanner.com.br\/index.php\/wp-json\/wp\/v2\/types\/page"}],"author":[{"embeddable":true,"href":"https:\/\/primeplanner.com.br\/index.php\/wp-json\/wp\/v2\/users\/1"}],"replies":[{"embeddable":true,"href":"https:\/\/primeplanner.com.br\/index.php\/wp-json\/wp\/v2\/comments?post=81"}],"version-history":[{"count":165,"href":"https:\/\/primeplanner.com.br\/index.php\/wp-json\/wp\/v2\/pages\/81\/revisions"}],"predecessor-version":[{"id":1974,"href":"https:\/\/primeplanner.com.br\/index.php\/wp-json\/wp\/v2\/pages\/81\/revisions\/1974"}],"up":[{"embeddable":true,"href":"https:\/\/primeplanner.com.br\/index.php\/wp-json\/wp\/v2\/pages\/1525"}],"wp:attachment":[{"href":"https:\/\/primeplanner.com.br\/index.php\/wp-json\/wp\/v2\/media?parent=81"}],"curies":[{"name":"wp","href":"https:\/\/api.w.org\/{rel}","templated":true}]}}